{"id":905,"date":"2019-01-05T03:34:23","date_gmt":"2019-01-05T02:34:23","guid":{"rendered":"http:\/\/www.dev.quandmaime.org\/?page_id=905"},"modified":"2019-01-06T16:07:26","modified_gmt":"2019-01-06T15:07:26","slug":"nosprojets2019","status":"publish","type":"page","link":"https:\/\/www.dev.quandmaime.org\/index.php\/nosprojets2019\/","title":{"rendered":"Nos projets 2019"},"content":{"rendered":"\t\t<div data-elementor-type=\"wp-post\" data-elementor-id=\"905\" class=\"elementor elementor-905 elementor-bc-flex-widget\" data-elementor-settings=\"[]\">\n\t\t\t\t\t\t<div class=\"elementor-inner\">\n\t\t\t\t\t\t\t<div class=\"elementor-section-wrap\">\n\t\t\t\t\t\t\t<section class=\"elementor-section elementor-top-section elementor-element elementor-element-296e2ee elementor-section-boxed elementor-section-height-default elementor-section-height-default\" data-id=\"296e2ee\" data-element_type=\"section\">\n\t\t\t\t\t\t<div class=\"elementor-container elementor-column-gap-default\">\n\t\t\t\t\t\t\t<div class=\"elementor-row\">\n\t\t\t\t\t<div class=\"elementor-column elementor-col-100 elementor-top-column elementor-element elementor-element-23b9346\" data-id=\"23b9346\" data-element_type=\"column\">\n\t\t\t<div class=\"elementor-column-wrap elementor-element-populated\">\n\t\t\t\t\t\t\t<div class=\"elementor-widget-wrap\">\n\t\t\t\t\t\t<div class=\"elementor-element elementor-element-06d2411 elementor-widget elementor-widget-heading\" data-id=\"06d2411\" data-element_type=\"widget\" data-widget_type=\"heading.default\">\n\t\t\t\t<div class=\"elementor-widget-container\">\n\t\t\t<h2 class=\"elementor-heading-title elementor-size-default\">Nos Projets 2019<\/h2>\t\t<\/div>\n\t\t\t\t<\/div>\n\t\t\t\t<div class=\"elementor-element elementor-element-bde2732 elementor-widget elementor-widget-text-editor\" data-id=\"bde2732\" data-element_type=\"widget\" data-widget_type=\"text-editor.default\">\n\t\t\t\t<div class=\"elementor-widget-container\">\n\t\t\t\t\t<div class=\"elementor-text-editor elementor-clearfix\"><p>Voici les projets que nous esp\u00e9rons pouvoir concr\u00e9tiser en 2019&#8230;<\/p><\/div>\n\t\t\t\t<\/div>\n\t\t\t\t<\/div>\n\t\t\t\t<div class=\"elementor-element elementor-element-9b40032 elementor-tabs-view-horizontal elementor-widget elementor-widget-tabs\" data-id=\"9b40032\" data-element_type=\"widget\" data-widget_type=\"tabs.default\">\n\t\t\t\t<div class=\"elementor-widget-container\">\n\t\t\t\t\t<div class=\"elementor-tabs\">\n\t\t\t<div class=\"elementor-tabs-wrapper\" role=\"tablist\" >\n\t\t\t\t\t\t\t\t\t<div id=\"elementor-tab-title-1621\" class=\"elementor-tab-title elementor-tab-desktop-title\" aria-selected=\"true\" data-tab=\"1\" role=\"tab\" tabindex=\"0\" aria-controls=\"elementor-tab-content-1621\"><a href=\"\">Projet 1<\/a><\/div>\n\t\t\t\t\t\t\t\t\t<div id=\"elementor-tab-title-1622\" class=\"elementor-tab-title elementor-tab-desktop-title\" aria-selected=\"false\" data-tab=\"2\" role=\"tab\" tabindex=\"-1\" aria-controls=\"elementor-tab-content-1622\"><a href=\"\">Projet 2<\/a><\/div>\n\t\t\t\t\t\t\t\t\t<div id=\"elementor-tab-title-1623\" class=\"elementor-tab-title elementor-tab-desktop-title\" aria-selected=\"false\" data-tab=\"3\" role=\"tab\" tabindex=\"-1\" aria-controls=\"elementor-tab-content-1623\"><a href=\"\">Projet 3<\/a><\/div>\n\t\t\t\t\t\t\t<\/div>\n\t\t\t<div class=\"elementor-tabs-content-wrapper\" role=\"tablist\" aria-orientation=\"vertical\">\n\t\t\t\t\t\t\t\t\t<div class=\"elementor-tab-title elementor-tab-mobile-title\" aria-selected=\"true\" data-tab=\"1\" role=\"tab\" tabindex=\"0\" aria-controls=\"elementor-tab-content-1621\">Projet 1<\/div>\n\t\t\t\t\t<div id=\"elementor-tab-content-1621\" class=\"elementor-tab-content elementor-clearfix\" data-tab=\"1\" role=\"tabpanel\" aria-labelledby=\"elementor-tab-title-1621\" tabindex=\"0\" hidden=\"false\"><h2 id=\"mce_2\" class=\"editor-rich-text__tinymce mce-content-body\" role=\"textbox\" contenteditable=\"true\" aria-label=\"R\u00e9digez un titre\u2026\" aria-autocomplete=\"list\" aria-multiline=\"true\" data-is-placeholder-visible=\"false\"><strong><em>Projet<\/em><\/strong> de consolidation et s\u00e9curisation de Fahitana<\/h2><p><img loading=\"lazy\" src=\"http:\/\/www.dev.quandmaime.org\/wp-content\/uploads\/2019\/01\/image-1-770x485.png\" alt=\"\" width=\"770\" height=\"485\" \/><\/p><p><span style=\"color: #454545; font-family: Lato, Arial, sans-serif; font-size: 14px; white-space: pre-wrap;\">Sur le site de Fahitana, le mur ext\u00e9rieur longeant la ruelle, ainsi que celui de la rue principale, ont \u00e9t\u00e9 endommag\u00e9s par le s\u00e9isme et les cyclones. Actuellement, ces murs tremblent \u00e0 chaque passage de camions dans la rue principale, ou se d\u00e9gradent lors des fortes pluies d\u2019\u00e9t\u00e9 actuelles. Nous redoutons la nouvelle p\u00e9riode de cyclones qui approche. Il serait prudent de consolider ces murs, et nous \u00e9viter ainsi de lourds travaux s\u2019ils venaient finalement \u00e0 s\u2019effondrer. Nous en profiterions pour s\u00e9curiser l\u2019angle du b\u00e2timent form\u00e9 d\u2019une porte m\u00e9tallique. Elle ne nous est pas utile, mais malheureusement, elle permet aux cambrioleurs, en cette p\u00e9riode de forte ins\u00e9curit\u00e9, de p\u00e9n\u00e9trer facilement dans Fahitana afin de voler le riz stock\u00e9 derri\u00e8re cet endroit. <\/span><\/p><p><img loading=\"lazy\" class=\"aligncenter size-full wp-image-755\" src=\"http:\/\/www.dev.quandmaime.org\/wp-content\/uploads\/2019\/01\/image-2.png\" alt=\"\" width=\"451\" height=\"519\" srcset=\"https:\/\/www.dev.quandmaime.org\/wp-content\/uploads\/2019\/01\/image-2.png 451w, https:\/\/www.dev.quandmaime.org\/wp-content\/uploads\/2019\/01\/image-2-261x300.png 261w\" sizes=\"(max-width: 451px) 100vw, 451px\" \/><\/p><p><strong>Soit au taux de change actuel (1\u20ac=3600Ary) un co\u00fbt de 2.220\u20ac pour ce projet.<\/strong><\/p><\/div>\n\t\t\t\t\t\t\t\t\t<div class=\"elementor-tab-title elementor-tab-mobile-title\" aria-selected=\"false\" data-tab=\"2\" role=\"tab\" tabindex=\"-1\" aria-controls=\"elementor-tab-content-1622\">Projet 2<\/div>\n\t\t\t\t\t<div id=\"elementor-tab-content-1622\" class=\"elementor-tab-content elementor-clearfix\" data-tab=\"2\" role=\"tabpanel\" aria-labelledby=\"elementor-tab-title-1622\" tabindex=\"0\" hidden=\"hidden\"><h2 id=\"mce_2\" class=\"editor-rich-text__tinymce mce-content-body\" role=\"textbox\" contenteditable=\"true\" aria-label=\"R\u00e9digez un titre\u2026\" aria-autocomplete=\"list\" aria-multiline=\"true\" data-is-placeholder-visible=\"false\"><strong><em>Projet<\/em><\/strong>\u00a0d&rsquo;achat de nouveaux v\u00e9hicules<\/h2><p><img loading=\"lazy\" src=\"http:\/\/www.dev.quandmaime.org\/wp-content\/uploads\/2019\/01\/voiture-1-770x515.jpg\" alt=\"\" width=\"770\" height=\"515\" \/><span style=\"color: #454545; font-family: Lato, Arial, sans-serif; font-size: 14px; white-space: pre-wrap; letter-spacing: 0px;\">Notre camionnette est dans un triste \u00e9tat. Chaque mois, elle nous co\u00fbte tr\u00e8s ch\u00e8re en r\u00e9parations diverses. Elle consomme \u00e9norm\u00e9ment, et elle tombe tr\u00e8s souvent en panne, nous ne pouvons pas compter sur elle en cas d\u2019urgence. Nous avons pour projet de racheter une nouvelle camionnette afin,\u00a0entre autres, de permettre\u00a0 :<\/span><\/p><ul style=\"padding-left: 1.3em; margin-top: 0px; margin-bottom: 0px; margin-left: 1.3em; position: relative; line-height: inherit; white-space: pre-wrap; box-sizing: inherit; outline: 0px; color: #454545; font-family: Lato, Arial, sans-serif; font-size: 14px;\" role=\"textbox\" aria-label=\"R\u00e9digez une liste\u2026\" aria-autocomplete=\"list\" aria-multiline=\"true\" data-is-placeholder-visible=\"false\"><li style=\"box-sizing: inherit;\">le transport des enfants malades \u00e0 l\u2019h\u00f4pital d\u2019Antsirabe ou de Tananarive\u00a0;<\/li><li style=\"font-size: 14px; box-sizing: inherit;\">l\u2019acheminement du riz sur les diff\u00e9rents sites (plusieurs tonnes chaque mois)\u00a0;<\/li><li style=\"box-sizing: inherit;\">le transport des mat\u00e9riaux et des meubles, des fournitures scolaires sur les diff\u00e9rents sites\u2026<\/li><\/ul><p>Le v\u00e9hicule que nous souhaitons acheter doit permettre le transport de 22 personnes, \u00eatre robuste (vu l\u2019\u00e9tat des routes, le climat, l\u2019environnement poussi\u00e9reux\u2026), poss\u00e9der une m\u00e9canique simple (pas d\u2019\u00e9lectronique, l\u00e0-bas, un chauffeur a deux comp\u00e9tences\u00a0: la conduite et la m\u00e9canique).<\/p><p><span style=\"color: #454545; font-family: Lato, Arial, sans-serif; font-size: 14px; white-space: pre-wrap;\">Ce v\u00e9hicule sera import\u00e9 d\u2019un pays occidental et remis en \u00e9tat par un concessionnaire local. <\/span><span style=\"font-size: 14px; letter-spacing: 0px; color: #454545; font-family: Lato, Arial, sans-serif; white-space: pre-wrap;\">Il faudra vitrer le v\u00e9hicule et en faire l\u2019am\u00e9nagement int\u00e9rieur.<\/span><\/p><p><img loading=\"lazy\" src=\"http:\/\/www.dev.quandmaime.org\/wp-content\/uploads\/2019\/01\/image-3.png\" alt=\"\" width=\"377\" height=\"177\" \/><\/p><p><span style=\"font-size: 14px; letter-spacing: 0px; color: #454545; font-family: Lato, Arial, sans-serif; white-space: pre-wrap;\"><strong>Soit au total au taux de change actuel (1\u20ac=3600 Ary) un co\u00fbt de 15.975\u20ac pour ce projet <\/strong><\/span><\/p><p>Il serait aussi pr\u00e9cieux d\u2019avoir une petite voiture pour les transports d\u2019urgence sur Tananarive, ou les petites courses urgentes (conduite d\u2019enfants chez le dentiste, ect) lorsque la camionnette est en cours d\u2019utilisation pour l\u2019un des sites. Elle consommerait moins d\u2019essence que le fourgon. Elle r\u00e9duirait les risques\u00a0: avec une seule voiture pour 4 sites, les priorit\u00e9s sont compliqu\u00e9es \u00e0 g\u00e9rer. Il faut compter environ 15\u00a0000\u00a0000 Ary pour une voiture d\u2019occasion de type Peugeot 206 par exemple.<\/p><p><img loading=\"lazy\" src=\"http:\/\/www.dev.quandmaime.org\/wp-content\/uploads\/2019\/01\/image-4.png\" alt=\"\" width=\"385\" height=\"135\" \/><\/p><p><span style=\"font-weight: 600; box-sizing: inherit; padding-right: 2px; padding-left: 2px; margin-right: -2px; margin-left: -2px; border-radius: 2px; box-shadow: #e8eaeb 0px 0px 0px 1px; background: #e8eaeb; color: #191e23;\">Soit au total au taux de change actuel (1\u20ac=3600 Ary) un co\u00fbt de 5.125\u20ac pour ce projet.<\/span><\/p><\/div>\n\t\t\t\t\t\t\t\t\t<div class=\"elementor-tab-title elementor-tab-mobile-title\" aria-selected=\"false\" data-tab=\"3\" role=\"tab\" tabindex=\"-1\" aria-controls=\"elementor-tab-content-1623\">Projet 3<\/div>\n\t\t\t\t\t<div id=\"elementor-tab-content-1623\" class=\"elementor-tab-content elementor-clearfix\" data-tab=\"3\" role=\"tabpanel\" aria-labelledby=\"elementor-tab-title-1623\" tabindex=\"0\" hidden=\"hidden\"><h2 role=\"textbox\" aria-label=\"R\u00e9digez un titre\u2026\" aria-autocomplete=\"list\" aria-multiline=\"true\" data-is-placeholder-visible=\"false\"><strong><em>Projet<\/em><\/strong>\u00a0de r\u00e9habilitation de petites maisons de familles tr\u00e8s pauvres<\/h2><div><h2 style=\"margin-top: 0px;\" role=\"textbox\" aria-label=\"R\u00e9digez un titre\u2026\" aria-autocomplete=\"list\" aria-multiline=\"true\" data-is-placeholder-visible=\"false\"><strong style=\"font-size: 23px;\"><em style=\"font-size: 23px;\"><img loading=\"lazy\" class=\"size-cheerup-main wp-image-1028\" style=\"font-size: 23px; opacity: 0.84;\" src=\"http:\/\/www.dev.quandmaime.org\/wp-content\/uploads\/2019\/01\/IMG_5697-e1546786734541-770x515.jpg\" alt=\"\" width=\"770\" height=\"515\" srcset=\"https:\/\/www.dev.quandmaime.org\/wp-content\/uploads\/2019\/01\/IMG_5697-e1546786734541-770x515.jpg 770w, https:\/\/www.dev.quandmaime.org\/wp-content\/uploads\/2019\/01\/IMG_5697-e1546786734541-270x180.jpg 270w\" sizes=\"(max-width: 770px) 100vw, 770px\" \/><\/em><\/strong><\/h2><p><span style=\"font-size: 13px; letter-spacing: 0px;\">Plusieurs familles d\u00e9munies nous ont montr\u00e9 les fissures sur le mur de leur maison caus\u00e9 par le s\u00e9isme. Alors pour toutes ces familles si d\u00e9munies de tout, et dont le s\u00e9isme a ajout\u00e9 en plus de toutes les souffrances, la crainte de ne m\u00eame plus avoir quelques t\u00f4les au dessus de leur t\u00eate pour les prot\u00e9ger, nous recherchons des sponsors pour consolider ou reconstruire plus solidement leurs petites maisonnets. Il y a une quinzaine de petites maisons pour lesquelles l&rsquo;urgence est l\u00e0.<\/span><\/p><\/div><div>Au taux de change actuelle (1\u20ac=3600Ary), il faut environ 225\u20ac par maisonnet.<br \/><b>Soit au total un co\u00fbt de 3375\u20ac pour ce projet.<\/b><\/div><div><img loading=\"lazy\" class=\"aligncenter size-cheerup-main wp-image-1029\" src=\"http:\/\/www.dev.quandmaime.org\/wp-content\/uploads\/2019\/01\/IMG_8577-e1546786791674-770x515.jpg\" alt=\"\" width=\"770\" height=\"515\" srcset=\"https:\/\/www.dev.quandmaime.org\/wp-content\/uploads\/2019\/01\/IMG_8577-e1546786791674-770x515.jpg 770w, https:\/\/www.dev.quandmaime.org\/wp-content\/uploads\/2019\/01\/IMG_8577-e1546786791674-270x180.jpg 270w\" sizes=\"(max-width: 770px) 100vw, 770px\" \/><\/div><div><b>\u00a0<\/b><\/div><p class=\"MsoNormal\" style=\"text-align: justify;\">\u00a0<\/p><\/div>\n\t\t\t\t\t\t\t<\/div>\n\t\t<\/div>\n\t\t\t\t<\/div>\n\t\t\t\t<\/div>\n\t\t\t\t\t\t<\/div>\n\t\t\t\t\t<\/div>\n\t\t<\/div>\n\t\t\t\t\t\t\t\t<\/div>\n\t\t\t\t\t<\/div>\n\t\t<\/section>\n\t\t\t\t<section class=\"elementor-section elementor-top-section elementor-element elementor-element-9b171d1 elementor-section-boxed elementor-section-height-default elementor-section-height-default\" data-id=\"9b171d1\" data-element_type=\"section\">\n\t\t\t\t\t\t<div class=\"elementor-container elementor-column-gap-default\">\n\t\t\t\t\t\t\t<div class=\"elementor-row\">\n\t\t\t\t\t<div class=\"elementor-column elementor-col-100 elementor-top-column elementor-element elementor-element-37611b7\" data-id=\"37611b7\" data-element_type=\"column\">\n\t\t\t<div class=\"elementor-column-wrap elementor-element-populated\">\n\t\t\t\t\t\t\t<div class=\"elementor-widget-wrap\">\n\t\t\t\t\t\t<div class=\"elementor-element elementor-element-8dfabe4 elementor-widget elementor-widget-wp-widget-paypal_donations\" data-id=\"8dfabe4\" data-element_type=\"widget\" data-widget_type=\"wp-widget-paypal_donations.default\">\n\t\t\t\t<div class=\"elementor-widget-container\">\n\t\t\t<h5>Faire un don<\/h5><p>Si vous souhaitez nous aider \u00e0 r\u00e9aliser nos projets 2019 ...<\/p>\n<!-- Begin PayPal Donations by https:\/\/www.tipsandtricks-hq.com\/paypal-donations-widgets-plugin -->\n\n<form action=\"https:\/\/www.paypal.com\/cgi-bin\/webscr\" method=\"post\">\n    <div class=\"paypal-donations\">\n        <input type=\"hidden\" name=\"cmd\" value=\"_donations\" \/>\n        <input type=\"hidden\" name=\"bn\" value=\"TipsandTricks_SP\" \/>\n        <input type=\"hidden\" name=\"business\" value=\"NLVFTAZ4DTQAA\" \/>\n        <input type=\"hidden\" name=\"return\" value=\"https:\/\/www.dev.quandmaime.org\/index.php\/merci\/\" \/>\n        <input type=\"hidden\" name=\"rm\" value=\"0\" \/>\n        <input type=\"hidden\" name=\"currency_code\" value=\"EUR\" \/>\n        <input type=\"image\" style=\"cursor: pointer;\" src=\"https:\/\/www.paypalobjects.com\/fr_FR\/FR\/i\/btn\/btn_donateCC_LG.gif\" name=\"submit\" alt=\"PayPal - The safer, easier way to pay online.\" \/>\n        <img loading=\"lazy\" alt=\"\" src=\"https:\/\/www.paypalobjects.com\/en_US\/i\/scr\/pixel.gif\" width=\"1\" height=\"1\" \/>\n    <\/div>\n<\/form>\n<!-- End PayPal Donations -->\n\t\t<\/div>\n\t\t\t\t<\/div>\n\t\t\t\t\t\t<\/div>\n\t\t\t\t\t<\/div>\n\t\t<\/div>\n\t\t\t\t\t\t\t\t<\/div>\n\t\t\t\t\t<\/div>\n\t\t<\/section>\n\t\t\t\t<section class=\"elementor-section elementor-top-section elementor-element elementor-element-f1d10e6 elementor-section-boxed elementor-section-height-default elementor-section-height-default\" data-id=\"f1d10e6\" data-element_type=\"section\">\n\t\t\t\t\t\t<div class=\"elementor-container elementor-column-gap-default\">\n\t\t\t\t\t\t\t<div class=\"elementor-row\">\n\t\t\t\t\t<div class=\"elementor-column elementor-col-100 elementor-top-column elementor-element elementor-element-6242de2\" data-id=\"6242de2\" data-element_type=\"column\">\n\t\t\t<div class=\"elementor-column-wrap elementor-element-populated\">\n\t\t\t\t\t\t\t<div class=\"elementor-widget-wrap\">\n\t\t\t\t\t\t<div class=\"elementor-element elementor-element-2fab977 elementor-button-danger elementor-align-center elementor-widget elementor-widget-button\" data-id=\"2fab977\" data-element_type=\"widget\" data-widget_type=\"button.default\">\n\t\t\t\t<div class=\"elementor-widget-container\">\n\t\t\t\t\t<div class=\"elementor-button-wrapper\">\n\t\t\t<a href=\"http:\/\/www.dev.quandmaime.org\/index.php\/nosprojets2019\/\" class=\"elementor-button-link elementor-button elementor-size-sm\" role=\"button\">\n\t\t\t\t\t\t<span class=\"elementor-button-content-wrapper\">\n\t\t\t\t\t\t<span class=\"elementor-button-icon elementor-align-icon-left\">\n\t\t\t\t\t\t\t\t\t<i class=\"fa fa-adn\" aria-hidden=\"true\"><\/i>\n\t\t\t\t\t\t\t<\/span>\n\t\t\t\t\t\t<span class=\"elementor-button-text\">Haut de page<\/span>\n\t\t<\/span>\n\t\t\t\t\t<\/a>\n\t\t<\/div>\n\t\t\t\t<\/div>\n\t\t\t\t<\/div>\n\t\t\t\t\t\t<\/div>\n\t\t\t\t\t<\/div>\n\t\t<\/div>\n\t\t\t\t\t\t\t\t<\/div>\n\t\t\t\t\t<\/div>\n\t\t<\/section>\n\t\t\t\t\t\t<\/div>\n\t\t\t\t\t\t<\/div>\n\t\t\t\t\t<\/div>\n\t\t","protected":false},"excerpt":{"rendered":"<p>Nos Projets 2019 Voici les projets que nous esp\u00e9rons pouvoir concr\u00e9tiser en 2019&#8230; Projet 1 Projet 2 Projet 3 Projet 1 Projet de consolidation et s\u00e9curisation de Fahitana Sur le site de Fahitana, le mur ext\u00e9rieur longeant la ruelle, ainsi que celui de la rue principale, ont \u00e9t\u00e9 endommag\u00e9s par le s\u00e9isme et les cyclones. <\/p>\n","protected":false},"author":1,"featured_media":0,"parent":0,"menu_order":0,"comment_status":"closed","ping_status":"closed","template":"","meta":{"amp_status":""},"categories":[],"tags":[],"_links":{"self":[{"href":"https:\/\/www.dev.quandmaime.org\/index.php\/wp-json\/wp\/v2\/pages\/905"}],"collection":[{"href":"https:\/\/www.dev.quandmaime.org\/index.php\/wp-json\/wp\/v2\/pages"}],"about":[{"href":"https:\/\/www.dev.quandmaime.org\/index.php\/wp-json\/wp\/v2\/types\/page"}],"author":[{"embeddable":true,"href":"https:\/\/www.dev.quandmaime.org\/index.php\/wp-json\/wp\/v2\/users\/1"}],"replies":[{"embeddable":true,"href":"https:\/\/www.dev.quandmaime.org\/index.php\/wp-json\/wp\/v2\/comments?post=905"}],"version-history":[{"count":19,"href":"https:\/\/www.dev.quandmaime.org\/index.php\/wp-json\/wp\/v2\/pages\/905\/revisions"}],"predecessor-version":[{"id":1033,"href":"https:\/\/www.dev.quandmaime.org\/index.php\/wp-json\/wp\/v2\/pages\/905\/revisions\/1033"}],"wp:attachment":[{"href":"https:\/\/www.dev.quandmaime.org\/index.php\/wp-json\/wp\/v2\/media?parent=905"}],"wp:term":[{"taxonomy":"category","embeddable":true,"href":"https:\/\/www.dev.quandmaime.org\/index.php\/wp-json\/wp\/v2\/categories?post=905"},{"taxonomy":"post_tag","embeddable":true,"href":"https:\/\/www.dev.quandmaime.org\/index.php\/wp-json\/wp\/v2\/tags?post=905"}],"curies":[{"name":"wp","href":"https:\/\/api.w.org\/{rel}","templated":true}]}}