{"id":901,"date":"2019-01-05T02:26:50","date_gmt":"2019-01-05T01:26:50","guid":{"rendered":"http:\/\/www.dev.quandmaime.org\/?page_id=901"},"modified":"2019-01-06T12:19:57","modified_gmt":"2019-01-06T11:19:57","slug":"quand-maime-a-antsirabe-2","status":"publish","type":"page","link":"https:\/\/www.dev.quandmaime.org\/index.php\/quand-maime-a-antsirabe-2\/","title":{"rendered":"\u00ab\u00a0Quand m&rsquo;aime?\u00a0\u00bb \u00e0 Antsirabe"},"content":{"rendered":"\n<h2><strong><em>\u00ab\u00a0Quand m&rsquo;aime ?\u00a0\u00bb<\/em><\/strong>  \u00e0 Antsirabe<\/h2>\n\n\n\n<p class=\"has-text-color has-very-dark-gray-color\"> Antsirabe signifie \u00ab\u00a0O\u00f9 il y a beaucoup de sel\u00a0\u00bb, elle doit son nom \u00e0 la pr\u00e9sence&nbsp;de sels min\u00e9raux dans les eaux thermales de la ville.<br>Situ\u00e9e \u00e0 160 km au sud de la capitale, c\u2019est une grande ville (200000 habitants) des Hautes Terres. \u00c0 1400 m d&rsquo;altitude, ses nuits sont les plus froides de l\u2018\u00eele.&nbsp;<br>Baptis\u00e9e le \u201cVichy malgache\u201d, des bains et des structures d\u2019accueil ont \u00e9t\u00e9 autrefois am\u00e9nag\u00e9s pour les curistes.&nbsp;<br>Elle a conserv\u00e9 de belles maisons Merinas et des b\u00e2timents coloniaux.<br>Antsirabe est aussi la capitale du pousse-pousse, moyen de transport encore tr\u00e8s utilis\u00e9 par toute la population.&nbsp;<\/p>\n\n\n\n<p class=\"has-text-color has-very-dark-gray-color\">De nombreuses associations sont pr\u00e9sentes sur place pour s\u2018occuper des enfants des rues (Les Fr\u00e8res Missionnaires de la Charit\u00e9, Les Enfants du Soleil, etc&#8230;),&nbsp;mais les orphelinats sont surpeupl\u00e9s.&nbsp;<br><strong>Plus de 1500 enfants restent \u00e0 la rue et viennent grossir la horde des 4\u2019Mis<\/strong>, appel\u00e9s ainsi car touch\u00e9s par les 4 maux &#8211; mots qui commencent par la m\u00eame syllabe \u00ab\u00a0Mi\u00a0\u00bb en langue malgache :&nbsp;<strong>alcoolisme, drogue, prostitution, violence<\/strong>. Ils vivent de la mendicit\u00e9. <\/p>\n\n\n\n<p>Pour r\u00e9pondre aux multiples besoins, l\u2019association s\u2019est pour le moment, divis\u00e9e en plusieurs lieux d\u2019accueil aux modes de fonctionnements diff\u00e9rents.<\/p>\n\n\n\n<p>\u00ab&nbsp;Quand m\u2019aime&nbsp;?&nbsp;\u00bb peut \u00eatre sch\u00e9matis\u00e9e en 5 structures situ\u00e9es dans diff\u00e9rents quartiers d\u2019Antsirabe (une structure ne correspond pas forc\u00e9ment \u00e0 un unique lieu g\u00e9ographique)&nbsp;; la plupart des \u00e9tudiants sont eux, dans d\u2019autres villes dont Tana, la capitale.<\/p>\n\n\n\n<p>A c\u00f4t\u00e9 des 4 centres permanents, des aides ponctuelles sont dispens\u00e9es \u00e0 diff\u00e9rentes familles de \u00ab 4\u2019mis \u00bb<br>qui nous proposent leurs projets. <\/p>\n\n\n\n<div class=\"wp-block-image\"><figure class=\"aligncenter\"><img loading=\"lazy\" width=\"411\" height=\"231\" src=\"http:\/\/www.dev.quandmaime.org\/wp-content\/uploads\/2019\/01\/image.png\" alt=\"\" class=\"wp-image-684\" srcset=\"https:\/\/www.dev.quandmaime.org\/wp-content\/uploads\/2019\/01\/image.png 411w, https:\/\/www.dev.quandmaime.org\/wp-content\/uploads\/2019\/01\/image-300x169.png 300w\" sizes=\"(max-width: 411px) 100vw, 411px\" \/><\/figure><\/div>\n","protected":false},"excerpt":{"rendered":"<p>\u00ab\u00a0Quand m&rsquo;aime ?\u00a0\u00bb \u00e0 Antsirabe Antsirabe signifie \u00ab\u00a0O\u00f9 il y a beaucoup de sel\u00a0\u00bb, elle doit son nom \u00e0 la pr\u00e9sence&nbsp;de sels min\u00e9raux dans les eaux thermales de la ville.Situ\u00e9e \u00e0 160 km au sud de la capitale, c\u2019est une grande ville (200000 habitants) des Hautes Terres. \u00c0 1400 m d&rsquo;altitude, ses nuits sont les <\/p>\n","protected":false},"author":1,"featured_media":676,"parent":0,"menu_order":0,"comment_status":"closed","ping_status":"closed","template":"","meta":{"amp_status":""},"categories":[],"tags":[],"_links":{"self":[{"href":"https:\/\/www.dev.quandmaime.org\/index.php\/wp-json\/wp\/v2\/pages\/901"}],"collection":[{"href":"https:\/\/www.dev.quandmaime.org\/index.php\/wp-json\/wp\/v2\/pages"}],"about":[{"href":"https:\/\/www.dev.quandmaime.org\/index.php\/wp-json\/wp\/v2\/types\/page"}],"author":[{"embeddable":true,"href":"https:\/\/www.dev.quandmaime.org\/index.php\/wp-json\/wp\/v2\/users\/1"}],"replies":[{"embeddable":true,"href":"https:\/\/www.dev.quandmaime.org\/index.php\/wp-json\/wp\/v2\/comments?post=901"}],"version-history":[{"count":2,"href":"https:\/\/www.dev.quandmaime.org\/index.php\/wp-json\/wp\/v2\/pages\/901\/revisions"}],"predecessor-version":[{"id":962,"href":"https:\/\/www.dev.quandmaime.org\/index.php\/wp-json\/wp\/v2\/pages\/901\/revisions\/962"}],"wp:featuredmedia":[{"embeddable":true,"href":"https:\/\/www.dev.quandmaime.org\/index.php\/wp-json\/wp\/v2\/media\/676"}],"wp:attachment":[{"href":"https:\/\/www.dev.quandmaime.org\/index.php\/wp-json\/wp\/v2\/media?parent=901"}],"wp:term":[{"taxonomy":"category","embeddable":true,"href":"https:\/\/www.dev.quandmaime.org\/index.php\/wp-json\/wp\/v2\/categories?post=901"},{"taxonomy":"post_tag","embeddable":true,"href":"https:\/\/www.dev.quandmaime.org\/index.php\/wp-json\/wp\/v2\/tags?post=901"}],"curies":[{"name":"wp","href":"https:\/\/api.w.org\/{rel}","templated":true}]}}