{"id":739,"date":"2019-01-01T20:18:10","date_gmt":"2019-01-01T19:18:10","guid":{"rendered":"http:\/\/www.dev.quandmaime.org\/?page_id=739"},"modified":"2019-01-06T18:56:58","modified_gmt":"2019-01-06T17:56:58","slug":"les-etudiants","status":"publish","type":"page","link":"https:\/\/www.dev.quandmaime.org\/index.php\/quand-maime-a-antsirabe\/les-etudiants\/","title":{"rendered":"Les \u00e9tudiants"},"content":{"rendered":"\n<div class=\"wp-block-image\"><figure class=\"alignleft is-resized\"><img loading=\"lazy\" src=\"http:\/\/www.dev.quandmaime.org\/wp-content\/uploads\/2019\/01\/Labo3-768x1024.png\" alt=\"\" class=\"wp-image-740\" width=\"345\" height=\"460\" srcset=\"https:\/\/www.dev.quandmaime.org\/wp-content\/uploads\/2019\/01\/Labo3-768x1024.png 768w, https:\/\/www.dev.quandmaime.org\/wp-content\/uploads\/2019\/01\/Labo3-225x300.png 225w, https:\/\/www.dev.quandmaime.org\/wp-content\/uploads\/2019\/01\/Labo3.png 972w\" sizes=\"(max-width: 345px) 100vw, 345px\" \/><\/figure><\/div>\n\n\n\n<h2><strong><em>Les<\/em><\/strong> \u00e9tudiants<\/h2>\n\n\n\n<p>Lorsque le 1er centre a ouvert en 1999, nous avons accueilli une trentaine d\u2019enfants \u00e2g\u00e9s de 3 \u00e0 14 ans. Puis de plus en plus d\u2019enfants de tous \u00e2ges jusqu\u2019\u00e0 ouvrir tous nos sites. Certain(e)s dormaient depuis des ann\u00e9es tout habill\u00e9s, roul\u00e9s en boule les uns contre les autres comme des petits chatons pour se tenir chaud sous les \u00e9tals du march\u00e9, derri\u00e8re un mur, dans la d\u00e9charge. Beaucoup avaient l\u2019habitude de voler, certains avaient \u00e9t\u00e9 battus ou mutil\u00e9s, d\u2019autres avaient \u00e9t\u00e9 viol\u00e9s ou se prostituaient. Aucun ne savait lire ou \u00e9crire. Alors pour les plus grands, la scolarit\u00e9 tardive a \u00e9t\u00e9 compliqu\u00e9e.<\/p>\n\n\n\n<p>Nos \u00ab grands \u00bb r\u00e9alisent alors souvent des formations d\u2019apprentis. Ils font des \u00e9tudes courtes, puis des stages.<\/p>\n\n\n\n<p class=\"has-text-color has-very-dark-gray-color\">Lorsqu\u2019ils trouvent un travail stable, ils quittent le nid. Mais pour ceux qui sont arriv\u00e9s chez nous tr\u00e8s jeunes, la volont\u00e9 d\u2019int\u00e9gration et une force extraordinaire de s\u2019en sortir, leur a permis de r\u00e9ussir leurs \u00e9tudes. Depuis 2 ans nous avons de plus en plus d\u2019enfants qui obtiennent le Bac. Et pour les plus dou\u00e9s d\u2019entre eux, ils rentrent dans des \u00e9coles sup\u00e9rieures ou des universit\u00e9s\u2026 Pour nous, c\u2019est une r\u00e9compense extraordinaire, c\u2019est merveilleux.<br><\/p>\n","protected":false},"excerpt":{"rendered":"<p>Les \u00e9tudiants Lorsque le 1er centre a ouvert en 1999, nous avons accueilli une trentaine d\u2019enfants \u00e2g\u00e9s de 3 \u00e0 14 ans. Puis de plus en plus d\u2019enfants de tous \u00e2ges jusqu\u2019\u00e0 ouvrir tous nos sites. Certain(e)s dormaient depuis des ann\u00e9es tout habill\u00e9s, roul\u00e9s en boule les uns contre les autres comme des petits chatons <\/p>\n","protected":false},"author":1,"featured_media":740,"parent":670,"menu_order":4,"comment_status":"closed","ping_status":"closed","template":"","meta":{"amp_status":""},"categories":[157],"tags":[],"_links":{"self":[{"href":"https:\/\/www.dev.quandmaime.org\/index.php\/wp-json\/wp\/v2\/pages\/739"}],"collection":[{"href":"https:\/\/www.dev.quandmaime.org\/index.php\/wp-json\/wp\/v2\/pages"}],"about":[{"href":"https:\/\/www.dev.quandmaime.org\/index.php\/wp-json\/wp\/v2\/types\/page"}],"author":[{"embeddable":true,"href":"https:\/\/www.dev.quandmaime.org\/index.php\/wp-json\/wp\/v2\/users\/1"}],"replies":[{"embeddable":true,"href":"https:\/\/www.dev.quandmaime.org\/index.php\/wp-json\/wp\/v2\/comments?post=739"}],"version-history":[{"count":4,"href":"https:\/\/www.dev.quandmaime.org\/index.php\/wp-json\/wp\/v2\/pages\/739\/revisions"}],"predecessor-version":[{"id":1105,"href":"https:\/\/www.dev.quandmaime.org\/index.php\/wp-json\/wp\/v2\/pages\/739\/revisions\/1105"}],"up":[{"embeddable":true,"href":"https:\/\/www.dev.quandmaime.org\/index.php\/wp-json\/wp\/v2\/pages\/670"}],"wp:featuredmedia":[{"embeddable":true,"href":"https:\/\/www.dev.quandmaime.org\/index.php\/wp-json\/wp\/v2\/media\/740"}],"wp:attachment":[{"href":"https:\/\/www.dev.quandmaime.org\/index.php\/wp-json\/wp\/v2\/media?parent=739"}],"wp:term":[{"taxonomy":"category","embeddable":true,"href":"https:\/\/www.dev.quandmaime.org\/index.php\/wp-json\/wp\/v2\/categories?post=739"},{"taxonomy":"post_tag","embeddable":true,"href":"https:\/\/www.dev.quandmaime.org\/index.php\/wp-json\/wp\/v2\/tags?post=739"}],"curies":[{"name":"wp","href":"https:\/\/api.w.org\/{rel}","templated":true}]}}