{"id":731,"date":"2019-01-01T20:08:25","date_gmt":"2019-01-01T19:08:25","guid":{"rendered":"http:\/\/www.dev.quandmaime.org\/?page_id=731"},"modified":"2019-01-06T18:57:35","modified_gmt":"2019-01-06T17:57:35","slug":"les-4mis","status":"publish","type":"page","link":"https:\/\/www.dev.quandmaime.org\/index.php\/quand-maime-a-antsirabe\/les-4mis\/","title":{"rendered":"les 4&rsquo;mis"},"content":{"rendered":"\n<div class=\"wp-block-image\"><figure class=\"alignleft is-resized\"><img loading=\"lazy\" src=\"http:\/\/www.dev.quandmaime.org\/wp-content\/uploads\/2019\/01\/IMG_8820-e1546369719878-768x1024.jpg\" alt=\"\" class=\"wp-image-732\" width=\"360\" height=\"480\" srcset=\"https:\/\/www.dev.quandmaime.org\/wp-content\/uploads\/2019\/01\/IMG_8820-e1546369719878-768x1024.jpg 768w, https:\/\/www.dev.quandmaime.org\/wp-content\/uploads\/2019\/01\/IMG_8820-e1546369719878-225x300.jpg 225w\" sizes=\"(max-width: 360px) 100vw, 360px\" \/><\/figure><\/div>\n\n\n\n<h2><strong><em>Les<\/em><\/strong> 4&rsquo;mis<\/h2>\n\n\n\n<p class=\"has-text-color has-very-dark-gray-color\">L&rsquo;association aide des 4&rsquo;mis de diff\u00e9rents quartiers de la ville.<\/p>\n\n\n\n<p>Refusant de les enfermer dans leur agressivit\u00e9, mensonge ou r\u00e9signation &#8211; la mis\u00e8re ayant fait de certains d\u2019eux des morts vivants qui ne craignent plus rien ni personne &#8211; l\u2019association se doit de leur tendre la main \u00ab quand m&rsquo;aime \u00bb.<\/p>\n\n\n\n<p>Et nous ne regrettons pas d\u2019y avoir cru, car si certains \u00e9changes sont difficiles, nous avons rencontr\u00e9 des personnes absolument extraordinaires qui petit \u00e0 petit s\u2019en sortent et nous proposent m\u00eame des petits projets pour eux et leurs quartiers.<\/p>\n\n\n\n<p>Forte de sa volont\u00e9 et de son courage, Mme Mamy est ainsi parvenue \u00e0 avoir sa propre maison. Ses enfants retournent \u00e0 l\u2019\u00e9cole o\u00f9 son fils y r\u00e9alise de v\u00e9ritables performances, elle en est tr\u00e8s fi\u00e8re et fait tout pour qu\u2018il ait une vie meilleure que la sienne.<\/p>\n\n\n\n<p>Les aides sont ponctuelles, en nature ou en argent, et sont distribu\u00e9es \u00e0 des petits groupes comprenant des enfants, des jeunes m\u00e8res, des personnes \u00e2g\u00e9es et des personnes handicap\u00e9es.<br><\/p>\n","protected":false},"excerpt":{"rendered":"<p>Les 4&rsquo;mis L&rsquo;association aide des 4&rsquo;mis de diff\u00e9rents quartiers de la ville. Refusant de les enfermer dans leur agressivit\u00e9, mensonge ou r\u00e9signation &#8211; la mis\u00e8re ayant fait de certains d\u2019eux des morts vivants qui ne craignent plus rien ni personne &#8211; l\u2019association se doit de leur tendre la main \u00ab quand m&rsquo;aime \u00bb. Et nous <\/p>\n","protected":false},"author":1,"featured_media":732,"parent":670,"menu_order":5,"comment_status":"closed","ping_status":"closed","template":"","meta":{"amp_status":""},"categories":[157],"tags":[],"_links":{"self":[{"href":"https:\/\/www.dev.quandmaime.org\/index.php\/wp-json\/wp\/v2\/pages\/731"}],"collection":[{"href":"https:\/\/www.dev.quandmaime.org\/index.php\/wp-json\/wp\/v2\/pages"}],"about":[{"href":"https:\/\/www.dev.quandmaime.org\/index.php\/wp-json\/wp\/v2\/types\/page"}],"author":[{"embeddable":true,"href":"https:\/\/www.dev.quandmaime.org\/index.php\/wp-json\/wp\/v2\/users\/1"}],"replies":[{"embeddable":true,"href":"https:\/\/www.dev.quandmaime.org\/index.php\/wp-json\/wp\/v2\/comments?post=731"}],"version-history":[{"count":5,"href":"https:\/\/www.dev.quandmaime.org\/index.php\/wp-json\/wp\/v2\/pages\/731\/revisions"}],"predecessor-version":[{"id":1106,"href":"https:\/\/www.dev.quandmaime.org\/index.php\/wp-json\/wp\/v2\/pages\/731\/revisions\/1106"}],"up":[{"embeddable":true,"href":"https:\/\/www.dev.quandmaime.org\/index.php\/wp-json\/wp\/v2\/pages\/670"}],"wp:featuredmedia":[{"embeddable":true,"href":"https:\/\/www.dev.quandmaime.org\/index.php\/wp-json\/wp\/v2\/media\/732"}],"wp:attachment":[{"href":"https:\/\/www.dev.quandmaime.org\/index.php\/wp-json\/wp\/v2\/media?parent=731"}],"wp:term":[{"taxonomy":"category","embeddable":true,"href":"https:\/\/www.dev.quandmaime.org\/index.php\/wp-json\/wp\/v2\/categories?post=731"},{"taxonomy":"post_tag","embeddable":true,"href":"https:\/\/www.dev.quandmaime.org\/index.php\/wp-json\/wp\/v2\/tags?post=731"}],"curies":[{"name":"wp","href":"https:\/\/api.w.org\/{rel}","templated":true}]}}