{"id":727,"date":"2019-01-01T20:05:11","date_gmt":"2019-01-01T19:05:11","guid":{"rendered":"http:\/\/www.dev.quandmaime.org\/?page_id=727"},"modified":"2019-01-06T18:58:53","modified_gmt":"2019-01-06T17:58:53","slug":"site-du-petit-pays","status":"publish","type":"page","link":"https:\/\/www.dev.quandmaime.org\/index.php\/quand-maime-a-antsirabe\/site-du-petit-pays\/","title":{"rendered":"Site du Petit Pays"},"content":{"rendered":"\n<figure class=\"wp-block-image\"><img loading=\"lazy\" width=\"1024\" height=\"768\" src=\"http:\/\/www.dev.quandmaime.org\/wp-content\/uploads\/2019\/01\/0B315D9F-8CF7-4AE9-AFCD-10228342DEDA-1024x768.png\" alt=\"\" class=\"wp-image-728\" srcset=\"https:\/\/www.dev.quandmaime.org\/wp-content\/uploads\/2019\/01\/0B315D9F-8CF7-4AE9-AFCD-10228342DEDA-1024x768.png 1024w, https:\/\/www.dev.quandmaime.org\/wp-content\/uploads\/2019\/01\/0B315D9F-8CF7-4AE9-AFCD-10228342DEDA-300x225.png 300w, https:\/\/www.dev.quandmaime.org\/wp-content\/uploads\/2019\/01\/0B315D9F-8CF7-4AE9-AFCD-10228342DEDA-768x576.png 768w\" sizes=\"(max-width: 1024px) 100vw, 1024px\" \/><\/figure>\n\n\n\n<h2><strong><em>Site<\/em><\/strong> du Petit Pays<\/h2>\n\n\n\n<p>&#8230; une bonbonni\u00e8re de petits enfants ! <\/p>\n\n\n\n<p>Le Petit Pays est une zone rurale d\u2019Antsirabe, situ\u00e9e \u00e0 45 minutes de marche du centre de la ville, au-dessus des collines\u2026 C\u2019est une campagne cultiv\u00e9e et paisible o\u00f9 les enfants peuvent s\u2019\u00e9panouir loin des durs quartiers de la ville. Mais les constructions y sont v\u00e9tustes, il n\u2019y a pas de vitres aux fen\u00eatres, pas l\u2019\u00e9lectricit\u00e9, et un seul puits abreuve le site. A 1500 m d\u2019altitude, ces conditions sont difficiles \u00e0 vivre.<br><\/p>\n\n\n\n<p>La plupart des enfants soign\u00e9s ici sont tr\u00e8s jeunes. Beaucoup de mamans sont dispos\u00e9es \u00e0 s\u2019occuper des petits mais ne peuvent pas prendre les frais en charge\u00a0. Il y a notamment une cantine qui re\u00e7oit le midi les petits enfants dont les mamans d\u2019adoption travaillent aux champs toute la journ\u00e9e. Il est inutile de pr\u00e9ciser l\u2019importance de cette cantine\u2026<\/p>\n\n\n\n<p>Au Petit Pays, faute de place, l\u2019\u00e9cole accueille les enfants \u00e0 mi-temps. Deux services sont donc pr\u00e9vus \u00e0 la cantine, l\u2019un pour les enfants scolaris\u00e9s le matin, l\u2019autre pour ceux de l\u2019apr\u00e8s- midi. <\/p>\n\n\n\n<p>Mme Hiary est la responsable de l\u2019association pour cette annexe. Les dons se font en nature par la fourniture de nourritures, le paiement des fournitures et inscriptions scolaires, l\u2019apport de m\u00e9dicaments et le paiement des frais m\u00e9dicaux, de couvertures et de fournitures de maison.<\/p>\n","protected":false},"excerpt":{"rendered":"<p>Site du Petit Pays &#8230; une bonbonni\u00e8re de petits enfants ! Le Petit Pays est une zone rurale d\u2019Antsirabe, situ\u00e9e \u00e0 45 minutes de marche du centre de la ville, au-dessus des collines\u2026 C\u2019est une campagne cultiv\u00e9e et paisible o\u00f9 les enfants peuvent s\u2019\u00e9panouir loin des durs quartiers de la ville. Mais les constructions y <\/p>\n","protected":false},"author":1,"featured_media":728,"parent":670,"menu_order":3,"comment_status":"closed","ping_status":"closed","template":"","meta":{"amp_status":""},"categories":[157],"tags":[],"_links":{"self":[{"href":"https:\/\/www.dev.quandmaime.org\/index.php\/wp-json\/wp\/v2\/pages\/727"}],"collection":[{"href":"https:\/\/www.dev.quandmaime.org\/index.php\/wp-json\/wp\/v2\/pages"}],"about":[{"href":"https:\/\/www.dev.quandmaime.org\/index.php\/wp-json\/wp\/v2\/types\/page"}],"author":[{"embeddable":true,"href":"https:\/\/www.dev.quandmaime.org\/index.php\/wp-json\/wp\/v2\/users\/1"}],"replies":[{"embeddable":true,"href":"https:\/\/www.dev.quandmaime.org\/index.php\/wp-json\/wp\/v2\/comments?post=727"}],"version-history":[{"count":4,"href":"https:\/\/www.dev.quandmaime.org\/index.php\/wp-json\/wp\/v2\/pages\/727\/revisions"}],"predecessor-version":[{"id":1107,"href":"https:\/\/www.dev.quandmaime.org\/index.php\/wp-json\/wp\/v2\/pages\/727\/revisions\/1107"}],"up":[{"embeddable":true,"href":"https:\/\/www.dev.quandmaime.org\/index.php\/wp-json\/wp\/v2\/pages\/670"}],"wp:featuredmedia":[{"embeddable":true,"href":"https:\/\/www.dev.quandmaime.org\/index.php\/wp-json\/wp\/v2\/media\/728"}],"wp:attachment":[{"href":"https:\/\/www.dev.quandmaime.org\/index.php\/wp-json\/wp\/v2\/media?parent=727"}],"wp:term":[{"taxonomy":"category","embeddable":true,"href":"https:\/\/www.dev.quandmaime.org\/index.php\/wp-json\/wp\/v2\/categories?post=727"},{"taxonomy":"post_tag","embeddable":true,"href":"https:\/\/www.dev.quandmaime.org\/index.php\/wp-json\/wp\/v2\/tags?post=727"}],"curies":[{"name":"wp","href":"https:\/\/api.w.org\/{rel}","templated":true}]}}