{"id":666,"date":"2019-01-01T17:09:04","date_gmt":"2019-01-01T16:09:04","guid":{"rendered":"http:\/\/www.dev.quandmaime.org\/?page_id=666"},"modified":"2019-01-04T23:42:23","modified_gmt":"2019-01-04T22:42:23","slug":"fahitana","status":"publish","type":"page","link":"https:\/\/www.dev.quandmaime.org\/index.php\/quand-maime-a-antsirabe\/fahitana\/","title":{"rendered":"Site de Fahitana"},"content":{"rendered":"\n<figure class=\"wp-block-image\"><img loading=\"lazy\" width=\"1024\" height=\"768\" src=\"http:\/\/www.dev.quandmaime.org\/wp-content\/uploads\/2019\/01\/Mada_20070502_0063-1024x768.jpg\" alt=\"\" class=\"wp-image-654\" srcset=\"https:\/\/www.dev.quandmaime.org\/wp-content\/uploads\/2019\/01\/Mada_20070502_0063-1024x768.jpg 1024w, https:\/\/www.dev.quandmaime.org\/wp-content\/uploads\/2019\/01\/Mada_20070502_0063-300x225.jpg 300w, https:\/\/www.dev.quandmaime.org\/wp-content\/uploads\/2019\/01\/Mada_20070502_0063-768x576.jpg 768w\" sizes=\"(max-width: 1024px) 100vw, 1024px\" \/><figcaption>Tous les sites r\u00e9unis \u00e0 Fahitana<\/figcaption><\/figure>\n\n\n<h1><em><strong>Site <\/strong><\/em>de Fahitana (signifie Vision)<br><!--StartFragment--><\/h1>\n\n\n<p>C\u2019est le site principal, non par le nombre d\u2019enfants mais parce qu\u2019il repr\u00e9sente le centre administratif de l\u2019association \u00e0 Madagascar. Tina, responsable local, a en charge toutes les d\u00e9marches administratives (notamment l\u2019obtention des papiers d\u2019identit\u00e9, les inscriptions scolaires, l\u2018achat du riz, charbon etc&#8230;) pour les enfants de tous les sites\u2026<br>Il donne chaque jour des nouvelles des enfants et de la situation locale par mails. De la France, il re\u00e7oit et r\u00e9partit chaque mois les transferts d\u2019argent d\u00e9di\u00e9s \u00e0 chaque site.<br>Devenu tuteur de nombreux enfants de Fahitana, il g\u00e8re ce site o\u00f9 il vit en permanence. Une jeune femme d\u00e9vou\u00e9e, Lanto est employ\u00e9e pour faire les courses, cuisiner et dormir avec les filles. Marie Victorine enseigne chaque samedi la broderie aux enfants de Fahitana, rejoints par ceux des autres sites qui souhaitent participer. <\/p>\n\n\n\n<p> Apr\u00e8s plusieurs d\u00e9m\u00e9nagements, l\u2019association qui a b\u00e9n\u00e9fici\u00e9 d\u2019un changement de loi est devenue propri\u00e9taire de la maison en f\u00e9vrier 2005 gr\u00e2ce aux dons exceptionnels des membres de l\u2018\u00e9glise baptiste de Soissons sp\u00e9cialement mobilis\u00e9s et z\u00e9l\u00e9s pour cet achat. <\/p>\n\n\n\n<p> Suite \u00e0 une nouvelle l\u00e9gislation, il nous est demand\u00e9 de construire un nouveau b\u00e2timent sur le site principal, apr\u00e8s un appel d\u2019offre il s\u2019av\u00e8re que la construction de ce nouveau b\u00e2timent repr\u00e9senterait un co\u00fbt total de 25.000\u20ac<\/p>\n\n\n\n<div class=\"wp-block-image\"><figure class=\"aligncenter\"><img loading=\"lazy\" width=\"469\" height=\"413\" src=\"http:\/\/www.dev.quandmaime.org\/wp-content\/uploads\/2019\/01\/CarteFahitana-1.png\" alt=\"\" class=\"wp-image-831\" srcset=\"https:\/\/www.dev.quandmaime.org\/wp-content\/uploads\/2019\/01\/CarteFahitana-1.png 469w, https:\/\/www.dev.quandmaime.org\/wp-content\/uploads\/2019\/01\/CarteFahitana-1-300x264.png 300w\" sizes=\"(max-width: 469px) 100vw, 469px\" \/><figcaption><a href=\"https:\/\/www.google.com\/maps\/place\/Association+Quand+m'aime+-+Fahitana\/@-19.8702379,47.0376093,17z\/data=!3m1!4b1!4m5!3m4!1s0x21e50e8b3f5849b5:0x3cbab27993ae48df!8m2!3d-19.8702379!4d47.039798\" target=\"_blank\" rel=\"noreferrer noopener\" aria-label=\"Google map Fahitana (s\u2019ouvre dans un nouvel onglet)\">Google map Fahitana<\/a><\/figcaption><\/figure><\/div>\n\n\n\n<p><br><\/p>\n","protected":false},"excerpt":{"rendered":"<p>Site de Fahitana (signifie Vision) C\u2019est le site principal, non par le nombre d\u2019enfants mais parce qu\u2019il repr\u00e9sente le centre administratif de l\u2019association \u00e0 Madagascar. Tina, responsable local, a en charge toutes les d\u00e9marches administratives (notamment l\u2019obtention des papiers d\u2019identit\u00e9, les inscriptions scolaires, l\u2018achat du riz, charbon etc&#8230;) pour les enfants de tous les sites\u2026Il <\/p>\n","protected":false},"author":1,"featured_media":654,"parent":670,"menu_order":1,"comment_status":"closed","ping_status":"closed","template":"","meta":{"amp_status":""},"categories":[157],"tags":[],"_links":{"self":[{"href":"https:\/\/www.dev.quandmaime.org\/index.php\/wp-json\/wp\/v2\/pages\/666"}],"collection":[{"href":"https:\/\/www.dev.quandmaime.org\/index.php\/wp-json\/wp\/v2\/pages"}],"about":[{"href":"https:\/\/www.dev.quandmaime.org\/index.php\/wp-json\/wp\/v2\/types\/page"}],"author":[{"embeddable":true,"href":"https:\/\/www.dev.quandmaime.org\/index.php\/wp-json\/wp\/v2\/users\/1"}],"replies":[{"embeddable":true,"href":"https:\/\/www.dev.quandmaime.org\/index.php\/wp-json\/wp\/v2\/comments?post=666"}],"version-history":[{"count":9,"href":"https:\/\/www.dev.quandmaime.org\/index.php\/wp-json\/wp\/v2\/pages\/666\/revisions"}],"predecessor-version":[{"id":838,"href":"https:\/\/www.dev.quandmaime.org\/index.php\/wp-json\/wp\/v2\/pages\/666\/revisions\/838"}],"up":[{"embeddable":true,"href":"https:\/\/www.dev.quandmaime.org\/index.php\/wp-json\/wp\/v2\/pages\/670"}],"wp:featuredmedia":[{"embeddable":true,"href":"https:\/\/www.dev.quandmaime.org\/index.php\/wp-json\/wp\/v2\/media\/654"}],"wp:attachment":[{"href":"https:\/\/www.dev.quandmaime.org\/index.php\/wp-json\/wp\/v2\/media?parent=666"}],"wp:term":[{"taxonomy":"category","embeddable":true,"href":"https:\/\/www.dev.quandmaime.org\/index.php\/wp-json\/wp\/v2\/categories?post=666"},{"taxonomy":"post_tag","embeddable":true,"href":"https:\/\/www.dev.quandmaime.org\/index.php\/wp-json\/wp\/v2\/tags?post=666"}],"curies":[{"name":"wp","href":"https:\/\/api.w.org\/{rel}","templated":true}]}}